{"id":1374,"date":"2017-10-23T12:58:50","date_gmt":"2017-10-23T10:58:50","guid":{"rendered":"https:\/\/industrietore-nielsen.de\/?page_id=1374"},"modified":"2017-10-23T13:05:34","modified_gmt":"2017-10-23T11:05:34","slug":"der-weg-zu-ihrem-neuen-tor","status":"publish","type":"page","link":"https:\/\/industrietore-nielsen.de\/?page_id=1374","title":{"rendered":"Der Weg zu Ihrem neuen Tor"},"content":{"rendered":"<p>Gern kommen wir zu Ihnen, um gemeinsam mit Ihnen und nach Ihren W\u00fcnschen, die passende Toranlage auszusuchen. Danach nehmen wir das Aufma\u00df an Ihrem Projekt und erstellen Ihnen ein individuelles Angebot \u00fcber die Anlage mit oder ohne Antrieb und nat\u00fcrlich den dazugeh\u00f6rigen Montagekosten.<\/p>\n<p>Wenn Sie unser Angebot annehmen, wird mit der Produktion Ihres Tores begonnen. Sobald die Lieferzeit feststeht, vereinbaren wir einen Termin zur Montage mit Ihnen.<\/p>\n<p>Zur Montage geh\u00f6rt nat\u00fcrlich auch eine ausf\u00fchrliche Einweisung in die Funktion.<\/p>\n<p>Wir empfehlen von nun an eine j\u00e4hrliche Wartung, damit Sie lange Freude an Ihrer Anlage haben<\/p>\n","protected":false},"excerpt":{"rendered":"<p>Gern kommen wir zu Ihnen, um gemeinsam mit Ihnen und nach Ihren W\u00fcnschen, die passende Toranlage auszusuchen. Danach nehmen wir das Aufma\u00df an Ihrem Projekt und erstellen Ihnen ein individuelles Angebot \u00fcber die Anlage mit oder ohne Antrieb und nat\u00fcrlich den dazugeh\u00f6rigen Montagekosten. Wenn Sie unser Angebot annehmen, wird mit&#8230;<\/p>\n","protected":false},"author":1,"featured_media":1375,"parent":0,"menu_order":0,"comment_status":"closed","ping_status":"closed","template":"","meta":[],"_links":{"self":[{"href":"https:\/\/industrietore-nielsen.de\/index.php?rest_route=\/wp\/v2\/pages\/1374"}],"collection":[{"href":"https:\/\/industrietore-nielsen.de\/index.php?rest_route=\/wp\/v2\/pages"}],"about":[{"href":"https:\/\/industrietore-nielsen.de\/index.php?rest_route=\/wp\/v2\/types\/page"}],"author":[{"embeddable":true,"href":"https:\/\/industrietore-nielsen.de\/index.php?rest_route=\/wp\/v2\/users\/1"}],"replies":[{"embeddable":true,"href":"https:\/\/industrietore-nielsen.de\/index.php?rest_route=%2Fwp%2Fv2%2Fcomments&post=1374"}],"version-history":[{"count":4,"href":"https:\/\/industrietore-nielsen.de\/index.php?rest_route=\/wp\/v2\/pages\/1374\/revisions"}],"predecessor-version":[{"id":1380,"href":"https:\/\/industrietore-nielsen.de\/index.php?rest_route=\/wp\/v2\/pages\/1374\/revisions\/1380"}],"wp:featuredmedia":[{"embeddable":true,"href":"https:\/\/industrietore-nielsen.de\/index.php?rest_route=\/wp\/v2\/media\/1375"}],"wp:attachment":[{"href":"https:\/\/industrietore-nielsen.de\/index.php?rest_route=%2Fwp%2Fv2%2Fmedia&parent=1374"}],"curies":[{"name":"wp","href":"https:\/\/api.w.org\/{rel}","templated":true}]}}