{"id":1232,"date":"2017-10-18T12:42:44","date_gmt":"2017-10-18T10:42:44","guid":{"rendered":"https:\/\/industrietore-nielsen.de\/?page_id=1232"},"modified":"2017-10-18T12:46:41","modified_gmt":"2017-10-18T10:46:41","slug":"datenschutzerklaerung","status":"publish","type":"page","link":"https:\/\/industrietore-nielsen.de\/?page_id=1232","title":{"rendered":"Datenschutzerkl\u00e4rung"},"content":{"rendered":"<h3><strong>Datenschutzerkl\u00e4rung<\/strong><\/h3>\n<h5><strong>Geltungsbereich<\/strong><\/h5>\n<p>Diese Datenschutzerkl\u00e4rung kl\u00e4rt Nutzer \u00fcber die Art, den Umfang und Zwecke der Erhebung und Verwendung personenbezogener Daten durch den verantwortlichen Anbieter Industrietore Nielsen GmbH, Zur Heide 5, 25917 Achtrup &#8211; Telefon: 04662-1362, E-Mail: info~at~industrietore-nielsen.de (~at~ = @)<br \/>\nauf dieser Website (im folgenden \u201e<strong>Angebot<\/strong>\u201d) auf.<\/p>\n<p>Die rechtlichen Grundlagen des Datenschutzes finden sich im Bundesdatenschutzgesetz (BDSG) und dem Telemediengesetz (TMG).<\/p>\n<p>&nbsp;<\/p>\n<h5><strong>Zugriffsdaten\/ Server-Logfiles<\/strong><\/h5>\n<p><span class=\"sd-muster-content\">Der Anbieter (beziehungsweise sein Webspace-Provider) erhebt Daten \u00fcber jeden Zugriff auf das Angebot (so genannte Serverlogfiles). Zu den Zugriffsdaten geh\u00f6ren:<\/span><\/p>\n<p>Name der abgerufenen Webseite, Datei, Datum und Uhrzeit des Abrufs, \u00fcbertragene Datenmenge, Meldung \u00fcber erfolgreichen Abruf, Browsertyp nebst Version, das Betriebssystem des Nutzers, Referrer URL (die zuvor besuchte Seite), IP-Adresse und der anfragende Provider.<\/p>\n<p>Der Anbieter verwendet die Protokolldaten nur f\u00fcr statistische Auswertungen zum Zweck des Betriebs, der Sicherheit und der Optimierung des Angebotes. Der Anbieterbeh\u00e4lt sich jedoch vor, die Protokolldaten nachtr\u00e4glich zu \u00fcberpr\u00fcfen, wenn aufgrund konkreter Anhaltspunkte der berechtigte Verdacht einer rechtswidrigen Nutzung besteht.<\/p>\n<p>&nbsp;<\/p>\n<h5><strong>Umgang mit personenbezogenen Daten<\/strong><\/h5>\n<p><span class=\"sd-muster-content\">Personenbezogene Daten sind Informationen, mit deren Hilfe eine Person bestimmbar ist, also Angaben, die zur\u00fcck zu einer Person verfolgt werden k\u00f6nnen. Dazu geh\u00f6ren der Name, die Emailadresse oder die Telefonnummer. Aber auch Daten \u00fcber Vorlieben, Hobbies, Mitgliedschaften oder welche Webseiten von jemandem angesehen wurden z\u00e4hlen zu personenbezogenen Daten.<\/span><\/p>\n<p>Personenbezogene Daten werden von dem Anbieter nur dann erhoben, genutzt und weiter gegeben, wenn dies gesetzlich erlaubt ist oder die Nutzer in die Datenerhebung einwilligen.<\/p>\n<p>&nbsp;<\/p>\n<h5><strong>Kontaktaufnahme<\/strong><\/h5>\n<p><span class=\"sd-muster-content\">Bei der Kontaktaufnahme mit dem Anbieter (zum Beispiel per Kontaktformular oder E-Mail) werden die Angaben des Nutzers zwecks Bearbeitung der Anfrage sowie f\u00fcr den Fall, dass Anschlussfragen entstehen, gespeichert.<\/span><\/p>\n<p>&nbsp;<\/p>\n<h5><strong>Kommentare und Beitr\u00e4ge<\/strong><\/h5>\n<p><span class=\"sd-muster-content\">Wenn Nutzer Kommentare im Blog oder sonstige Beitr\u00e4ge hinterlassen, werden ihre IP-Adressen gespeichert. Das erfolgt zur Sicherheit des Anbieters, falls jemand in Kommentaren und Beitr\u00e4gen widerrechtliche Inhalte schreibt (Beleidigungen, verbotene politische Propaganda, etc.). In diesem Fall kann der Anbieter selbst f\u00fcr den Kommentar oder Beitrag belangt werden und ist daher an der Identit\u00e4t des Verfassers interessiert.<\/span><\/p>\n<p>&nbsp;<\/p>\n<h5><strong>Kommentarabonnements<\/strong><\/h5>\n<p><span class=\"sd-muster-content\">Die Nachfolgekommentare k\u00f6nnen durch Nutzer abonniert werden. Die Nutzer erhalten eine Best\u00e4tigungsemail, um zu \u00fcberpr\u00fcfen, ob sie der Inhaber der eingegebenen Emailadresse sind. Nutzer k\u00f6nnen laufende Kommentarabonnements jederzeit abbestellen. Die Best\u00e4tigungsemail wird Hinweise dazu enthalten.<\/span><\/p>\n<p>&nbsp;<\/p>\n<h5><strong>Einbindung von Diensten und Inhalten Dritter<\/strong><\/h5>\n<p><span class=\"sd-muster-content\">Es kann vorkommen, dass innerhalb dieses Onlineangebotes Inhalte Dritter, wie zum Beispiel Videos von YouTube, Kartenmaterial von Google-Maps, RSS-Feeds oder Grafiken von anderen Webseiten eingebunden werden. Dies setzt immer voraus, dass die Anbieter dieser Inhalte (nachfolgend bezeichnet als &#8222;Dritt-Anbieter&#8220;) die IP-Adresse der Nutzer wahr nehmen. Denn ohne die IP-Adresse, k\u00f6nnten sie die Inhalte nicht an den Browser des jeweiligen Nutzers senden. Die IP-Adresse ist damit f\u00fcr die Darstellung dieser Inhalte erforderlich. Wir bem\u00fchen uns nur solche Inhalte zu verwenden, deren jeweilige Anbieter die IP-Adresse lediglich zur Auslieferung der Inhalte verwenden. Jedoch haben wir keinen Einfluss darauf, falls die Dritt-Anbieter die IP-Adresse z.B. f\u00fcr statistische Zwecke speichern. Soweit dies uns bekannt ist, kl\u00e4ren wir die Nutzer dar\u00fcber auf.<br \/>\n<\/span><\/p>\n<p>&nbsp;<\/p>\n<h5><strong>Cookies<\/strong><\/h5>\n<p><span class=\"sd-muster-content\">Cookies sind kleine Dateien, die es erm\u00f6glichen, auf dem Zugriffsger\u00e4t der Nutzer (PC, Smartphone o.\u00e4.) spezifische, auf das Ger\u00e4t bezogene Informationen zu speichern. Sie dienen zum einem der Benutzerfreundlichkeit von Webseiten und damit den Nutzern (z.B. Speicherung von Logindaten). Zum anderen dienen sie, um die statistische Daten der Webseitennutzung zu erfassen und sie zwecks Verbesserung des Angebotes analysieren zu k\u00f6nnen. Die Nutzer k\u00f6nnen auf den Einsatz der Cookies Einfluss nehmen. Die meisten Browser verf\u00fcgen eine Option mit der das Speichern von Cookies eingeschr\u00e4nkt oder komplett verhindert wird. Allerdings wird darauf hingewiesen, dass die Nutzung und insbesondere der Nutzungskomfort ohne Cookies eingeschr\u00e4nkt werden.<\/span><\/p>\n<p>Sie k\u00f6nnen viele Online-Anzeigen-Cookies von Unternehmen \u00fcber die US-amerikanische Seite <a href=\"http:\/\/www.aboutads.info\/choices\/\">http:\/\/www.aboutads.info\/choices\/<\/a> oder die EU-Seite <a href=\"http:\/\/www.youronlinechoices.com\/uk\/your-ad-choices\/ \">http:\/\/www.youronlinechoices.com\/uk\/your-ad-choices\/ <\/a> verwalten.<\/p>\n<p>&nbsp;<\/p>\n<h5><strong>YouTube<\/strong><\/h5>\n<p>Unsere Webseite nutzt Plugins der von Google betriebenen Seite YouTube. Betreiber der Seiten ist die YouTube, LLC, 901 Cherry Ave., San Bruno, CA 94066, USA. Wenn Sie eine unserer mit einem YouTube-Plugin ausgestatteten Seiten besuchen, wird eine Verbindung zu den Servern von YouTube hergestellt. Dabei wird dem Youtube-Server mitgeteilt, welche unserer Seiten Sie besucht haben.<\/p>\n<p>Wenn Sie in Ihrem YouTube-Account eingeloggt sind erm\u00f6glichen Sie YouTube, Ihr Surfverhalten direkt Ihrem pers\u00f6nlichen Profil zuzuordnen. Dies k\u00f6nnen Sie verhindern, indem Sie sich aus Ihrem YouTube-Account ausloggen.<\/p>\n<p>Weitere Informationen zum Umgang von Nutzerdaten finden Sie in der Datenschutzerkl\u00e4rung von YouTube unter <a href=\"https:\/\/www.google.de\/intl\/de\/policies\/privacy\">https:\/\/www.google.de\/intl\/de\/policies\/privacy<\/a><\/p>\n<p>&nbsp;<\/p>\n<h5><strong>Google Analytics<\/strong><\/h5>\n<p><span class=\"sd-muster-content\">Dieses Angebot benutzt Google Analytics, einen Webanalysedienst der Google Inc. (\u201eGoogle\u201c). Google Analytics verwendet sog. \u201eCookies\u201c, Textdateien, die auf Computer der Nutzer gespeichert werden und die eine Analyse der Benutzung der Website durch sie erm\u00f6glichen. Die durch den Cookie erzeugten Informationen \u00fcber Benutzung dieser Website durch die Nutzer werden in der Regel an einen Server von Google in den USA \u00fcbertragen und dort gespeichert.<\/span><\/p>\n<p>Im Falle der Aktivierung der IP-Anonymisierung auf dieser Webseite, wird die IP-Adresse der Nutzer von Google jedoch innerhalb von Mitgliedstaaten der Europ\u00e4ischen Union oder in anderen Vertragsstaaten des Abkommens \u00fcber den Europ\u00e4ischen Wirtschaftsraum zuvor gek\u00fcrzt. Nur in Ausnahmef\u00e4llen wird die volle IP-Adresse an einen Server von Google in den USA \u00fcbertragen und dort gek\u00fcrzt. Die IP-Anonymisierung ist auf dieser Website aktiv. Im Auftrag des Betreibers dieser Website wird Google diese Informationen benutzen, um die Nutzung der Website durch die Nutzer auszuwerten, um Reports \u00fcber die Websiteaktivit\u00e4ten zusammenzustellen und um weitere mit der Websitenutzung und der Internetnutzung verbundene Dienstleistungen gegen\u00fcber dem Websitebetreiber zu erbringen.<\/p>\n<p>Die im Rahmen von Google Analytics von Ihrem Browser \u00fcbermittelte IP-Adresse wird nicht mit anderen Daten von Google zusammengef\u00fchrt. Die Nutzer k\u00f6nnen die Speicherung der Cookies durch eine entsprechende Einstellung Ihrer Browser-Software verhindern; Dieses Angebot weist die Nutzer jedoch darauf hin, dass Sie in diesem Fall gegebenenfalls nicht s\u00e4mtliche Funktionen dieser Website vollumf\u00e4nglich werden nutzen k\u00f6nnen. Die Nutzer k\u00f6nnen dar\u00fcber hinaus die Erfassung der durch das Cookie erzeugten und auf ihre Nutzung der Website bezogenen Daten (inkl. Ihrer IP-Adresse) an Google sowie die Verarbeitung dieser Daten durch Google verhindern, indem sie das unter dem folgenden Link verf\u00fcgbare Browser-Plugin herunterladen und installieren: <a href=\"http:\/\/tools.google.com\/dlpage\/gaoptout?hl=de\">http:\/\/tools.google.com\/dlpage\/gaoptout?hl=de<\/a>.<\/p>\n<p>Weitere Informationen zur Datennutzung zu Werbezwecken durch Google, Einstellungs- und Widerspruchsm\u00f6glichkeiten erfahren Sie auf den Webseiten von Google: <a href=\"https:\/\/www.google.com\/intl\/de\/policies\/privacy\/partners\/\">https:\/\/www.google.com\/intl\/de\/policies\/privacy\/partners\/<\/a> (\u201eDatennutzung durch Google bei Ihrer Nutzung von Websites oder Apps unserer Partner\u201c), <a href=\"http:\/\/www.google.com\/policies\/technologies\/ads\">http:\/\/www.google.com\/policies\/technologies\/ads<\/a> (\u201eDatennutzung zu Werbezwecken\u201c),<a href=\"http:\/\/www.google.de\/settings\/ads\"> http:\/\/www.google.de\/settings\/ads<\/a> (\u201eInformationen verwalten, die Google verwendet, um Ihnen Werbung einzublenden\u201c) und <a href=\"http:\/\/www.google.com\/ads\/preferences\/\">http:\/\/www.google.com\/ads\/preferences\/<\/a> (\u201eBestimmen Sie, welche Werbung Google Ihnen zeigt\u201c).<\/p>\n<p>Alternativ zum Browser-Add-On oder innerhalb von Browsern auf mobilen Ger\u00e4ten, <a id=\"GAOptOut\" title=\"Google Analytics Opt-Out-Cookie setzen\"><\/a>klicken Sie bitte diesen Link, um die Erfassung durch Google Analytics innerhalb dieser Website zuk\u00fcnftig zu verhindern. Dabei wird ein Opt-Out-Cookie auf Ihrem Ger\u00e4t abgelegt. L\u00f6schen Sie Ihre Cookies, m\u00fcssen Sie diesen Link erneut klicken.<\/p>\n<p>&nbsp;<\/p>\n<h5><strong>+1 Schaltfl\u00e4che von Google+<\/strong><\/h5>\n<p><span class=\"sd-muster-content\">Dieses Angebot verwendet die \u201c+1\u2033-Schaltfl\u00e4che des sozialen Netzwerkes Google Plus, welches von der Google Inc., 1600 Amphitheatre Parkway, Mountain View, CA 94043, United States betrieben wird (\u201cGoogle\u201d). Der Button ist an dem Zeichen \u201c+1\u2033 auf wei\u00dfem oder farbigen Hintergrund erkennbar.<\/span><\/p>\n<p>Wenn ein Nutzer eine Webseite dieses Angebotes aufruft, die eine solche Schaltfl\u00e4che enth\u00e4lt, baut der Browser eine direkte Verbindung mit den Servern von Google auf. Der Inhalt der \u201c+1\u2033-Schaltfl\u00e4che wird von Google direkt an seinen Browser \u00fcbermittelt und von diesem in die Webseite eingebunden. der Anbieter hat daher keinen Einfluss auf den Umfang der Daten, die Google mit der Schaltfl\u00e4che erhebt. Laut Google werden ohne einen Klick auf die Schaltfl\u00e4che keine personenbezogenen Daten erhoben. Nur bei eingeloggten Mitgliedern, werden solche Daten, unter anderem die IP-Adresse, erhoben und verarbeitet.<\/p>\n<p>Zweck und Umfang der Datenerhebung und die weitere Verarbeitung und Nutzung der Daten durch Google sowie Ihre diesbez\u00fcglichen Rechte und Einstellungsm\u00f6glichkeiten zum Schutz Ihrer Privatsph\u00e4re k\u00f6nnen die Nutzer Googles Datenschutzhinweisen zu der \u201c+1\u2033-Schaltfl\u00e4che entnehmen: http:\/\/www.google.com\/intl\/de\/+\/policy\/+1button.html und der FAQ: http:\/\/www.google.com\/intl\/de\/+1\/button\/.<\/p>\n<p>&nbsp;<\/p>\n<h5><strong>Jetpack\/Wordpress.com-Stats<\/strong><\/h5>\n<p><span class=\"sd-muster-content\">Dieses Angebot nutzt <a href=\"http:\/\/wordpress.org\/extend\/plugins\/jetpack\/\">Jetpack<\/a>, ein Tool zur statistischen Auswertung der Besucherzugriffe, betrieben von <a href=\"http:\/\/automattic.com\">Automattic<\/a>, Inc. 132 Hawthorne Street San Francisco, CA 94107, USA, unter Einsatz der Trackingtechnologie von <a href=\"http:\/\/www.quantcast.com\">Quantcast<\/a> Inc., 201 3rd St, Floor 2, San Francisco, CA 94103-3153, USA. WordPress.com-Stats verwendet sog. &#8222;Cookies&#8220;, Textdateien, die auf Ihrem Computer gespeichert werden und die eine Analyse der Benutzung der Website durch Sie erm\u00f6glichen. Die durch den Cookie erzeugten Informationen \u00fcber Ihre Benutzung dieses Internetangebotes werden auf einem Server in den USA gespeichert. Die IP-Adresse wird sofort nach der Verarbeitung und vor deren Speicherung anonymisiert. Sie k\u00f6nnen die Installation der Cookies durch eine entsprechende Einstellung Ihrer Browser Software verhindern; wir weisen Sie jedoch darauf hin, dass Sie in diesem Fall gegebenenfalls nicht s\u00e4mtliche Funktionen dieser Website vollumf\u00e4nglich nutzen k\u00f6nnen. Sie k\u00f6nnen der Erhebung und Nutzung der Daten durch Quantcast mit Wirkung f\u00fcr die Zukunft widersprechen, indem Sie an dieser Stelle durch einen Klick auf den Link &#8222;Click here to opt-out&#8220; ein Opt-Out-Cookie in Ihrem Browser setzen: <a href=\"http:\/\/www.quantcast.com\/opt-out\">http:\/\/www.quantcast.com\/opt-out<\/a>. Sollten Sie alle Cookies auf Ihrem Rechner l\u00f6schen, m\u00fcssen Sie das Opt-Out-Cookie erneut setzen.<\/span><\/p>\n<p>&nbsp;<\/p>\n<h5><strong>Google AdSense<\/strong><\/h5>\n<p><span class=\"sd-muster-content\">Dieses Angebot benutzt Google AdSense, einen Dienst zum Einbinden von Werbeanzeigen der Google Inc. (&#8222;Google&#8220;). Google AdSense verwendet sog. &#8222;Cookies&#8220;, Textdateien, die auf dem Computer der Nutzer gespeichert werden und die eine Analyse der Benutzung der Website erm\u00f6glicht. Google AdSense verwendet auch so genannte Web Beacons (unsichtbare Grafiken). Durch diese Web Beacons k\u00f6nnen Informationen wie der Besucherverkehr auf den Seiten dieses Angebots ausgewertet werden.<\/span><\/p>\n<p>Die durch Cookies und Web Beacons erzeugten Informationen \u00fcber die Benutzung dieser Website (einschlie\u00dflich der IP-Adresse der Nutzer) und Auslieferung von Werbeformaten werden an einen Server von Google in den USA \u00fcbertragen und dort gespeichert. Diese Informationen k\u00f6nnen von Google an Vertragspartner von Google weiter gegeben werden. Google wird Ihre IP-Adresse jedoch nicht mit anderen von Ihnen gespeicherten Daten zusammenf\u00fchren.<\/p>\n<p>Die Nutzer k\u00f6nnen die Installation der Cookies durch eine entsprechende Einstellung Ihrer Browser Software verhindern; der Anbieter weist die Nutzer jedoch darauf hin, dass sie in diesem Fall gegebenenfalls nicht s\u00e4mtliche Funktionen dieses Angebotes voll umf\u00e4nglich nutzen k\u00f6nnen. Durch die Nutzung dieser Website erkl\u00e4ren die Nutzer sich mit der Bearbeitung der \u00fcber sie erhobenen Daten durch Google in der zuvor beschriebenen Art und Weise und zu dem zuvor benannten Zweck einverstanden.<\/p>\n<p>&nbsp;<\/p>\n<h5><strong>Widerruf, \u00c4nderungen, Berichtigungen und Aktualisierungen<\/strong><\/h5>\n<p>Der Nutzer hat das Recht, auf Antrag unentgeltlich Auskunft zu erhalten \u00fcber die personenbezogenen Daten, die \u00fcber ihn gespeichert wurden. Zus\u00e4tzlich hat der Nutzer das Recht auf Berichtigung unrichtiger Daten, Sperrung und L\u00f6schung seiner personenbezogenen Daten, soweit dem keine gesetzliche Aufbewahrungspflicht entgegensteht.<\/p>\n<p><a href=\"http:\/\/rechtsanwalt-schwenke.de\/smmr-buch\/datenschutz-muster-generator-fuer-webseiten-blogs-und-social-media\/\"><strong>Datenschutz-Muster von Rechtsanwalt Thomas Schwenke &#8211; I LAW it<\/strong><\/a><\/p>\n","protected":false},"excerpt":{"rendered":"<p>Datenschutzerkl\u00e4rung Geltungsbereich Diese Datenschutzerkl\u00e4rung kl\u00e4rt Nutzer \u00fcber die Art, den Umfang und Zwecke der Erhebung und Verwendung personenbezogener Daten durch den verantwortlichen Anbieter Industrietore Nielsen GmbH, Zur Heide 5, 25917 Achtrup &#8211; Telefon: 04662-1362, E-Mail: info~at~industrietore-nielsen.de (~at~ = @) auf dieser Website (im folgenden \u201eAngebot\u201d) auf. Die rechtlichen Grundlagen des&#8230;<\/p>\n","protected":false},"author":1,"featured_media":0,"parent":0,"menu_order":0,"comment_status":"closed","ping_status":"closed","template":"","meta":[],"_links":{"self":[{"href":"https:\/\/industrietore-nielsen.de\/index.php?rest_route=\/wp\/v2\/pages\/1232"}],"collection":[{"href":"https:\/\/industrietore-nielsen.de\/index.php?rest_route=\/wp\/v2\/pages"}],"about":[{"href":"https:\/\/industrietore-nielsen.de\/index.php?rest_route=\/wp\/v2\/types\/page"}],"author":[{"embeddable":true,"href":"https:\/\/industrietore-nielsen.de\/index.php?rest_route=\/wp\/v2\/users\/1"}],"replies":[{"embeddable":true,"href":"https:\/\/industrietore-nielsen.de\/index.php?rest_route=%2Fwp%2Fv2%2Fcomments&post=1232"}],"version-history":[{"count":3,"href":"https:\/\/industrietore-nielsen.de\/index.php?rest_route=\/wp\/v2\/pages\/1232\/revisions"}],"predecessor-version":[{"id":1237,"href":"https:\/\/industrietore-nielsen.de\/index.php?rest_route=\/wp\/v2\/pages\/1232\/revisions\/1237"}],"wp:attachment":[{"href":"https:\/\/industrietore-nielsen.de\/index.php?rest_route=%2Fwp%2Fv2%2Fmedia&parent=1232"}],"curies":[{"name":"wp","href":"https:\/\/api.w.org\/{rel}","templated":true}]}}